{"id":806,"date":"2017-09-27T17:46:07","date_gmt":"2017-09-27T17:46:07","guid":{"rendered":"http:\/\/www.victoriamanjoncabezacloute.com\/?page_id=806"},"modified":"2023-05-08T12:42:30","modified_gmt":"2023-05-08T12:42:30","slug":"teaching","status":"publish","type":"page","link":"http:\/\/www.victoriamanjoncabezacloute.com\/index.php\/teaching\/","title":{"rendered":"Teaching"},"content":{"rendered":"<p>[vc_row][vc_column][\/vc_column][\/vc_row]<\/p>\n<div class='row'><div class='span6 first-module module_number_1 module_cont  module_video'><div style='padding-bottom:0px; padding-top:0px;' class='module_inner'><div class=\"wrapped_video\"><iframe src='https:\/\/player.vimeo.com\/video\/167188493?rel=0' width='100%' height='350px' allowfullscreen><\/iframe><\/div><\/div><\/div><!-- .module_cont --><div class='span6  module_number_2 module_cont  module_accordion'><div style='padding-bottom:35px; padding-top:0px;' class='module_inner'><div class='bg_title'><h3 style='' class='headInModule'>Los Picassos TV- Asociaci\u00f3n Afandem<\/h3><\/div><div class='shortcode_accordion_shortcode accordion'><h6 data-count='1' class='shortcode_accordion_item_title expanded_no'>Artes pl\u00e1sticas, cine y fotograf\u00eda<span class='ico'><\/span><\/h6><div class='shortcode_accordion_item_body'><div class='ip'><p><strong>La Tierra M&aacute;gica<\/strong><\/p>\r\n<p>Ganador de la secci&oacute;n de Animaci&oacute;n -Ed.Especial- la &uacute;ltima edici&oacute;n del EMOVE festival, Este corto es una muestra del trabajo de <strong>docencia<\/strong> que vengo realizando con <strong>personas con discapacidad<\/strong>&nbsp;desde<strong> 2013<\/strong> hasta la actualidad en el <a href=\"\/photos\/wp-admin\/\">Grupo Am&aacute;s<\/a><strong>.<\/strong> El gui&oacute;n, la locuci&oacute;n, la escenograf&iacute;a y efectos especiales realizado &iacute;ntegramente por ellos.&nbsp;<\/p>\r\n<p>Puedes ver m&aacute;s pel&iacute;culas en <a href=\"https:\/\/vimeo.com\/album\/3938680\">Los Picassos TV<\/a><\/p><\/div><\/div><\/div><\/div><\/div><!-- .module_cont --><\/div><div class='row'><div class='span6  module_number_3 module_cont  module_video'><div style='padding-bottom:0px; padding-top:0px;' class='module_inner'><div class=\"wrapped_video\"><iframe src='https:\/\/www.youtube.com\/embed\/0ewP2AthcOU?rel=0' width='100%' height='350px' allowfullscreen><\/iframe><\/div><\/div><\/div><!-- .module_cont --><div class='span6  module_number_4 module_cont  module_accordion'><div style='padding-bottom:35px; padding-top:0px;' class='module_inner'><div class='bg_title'><h3 style='' class='headInModule'>Tu mundo alrededor TV- Colegio Alameda de Osuna <\/h3><\/div><div class='shortcode_accordion_shortcode accordion'><h6 data-count='1' class='shortcode_accordion_item_title expanded_no'>Docencia en Periodismo, audiovisual y fotograf\u00eda <span class='ico'><\/span><\/h6><div class='shortcode_accordion_item_body'><div class='ip'><p><strong>El teatro Real<\/strong><\/p>\r\n<p>Esta entrevista forma parte del trabajo de docencia que realizo <strong>desde 2014<\/strong> hasta la actualidad en el <a href=\"http:\/\/colegio-alameda.com\">Colegio Alameda<\/a>, donde llevo a cabo un peri&oacute;dico tanto en versi&oacute;n papel como digital, escenario en el que realizamos Tu mundo alrededor TV.<\/p>\r\n<p>Adem&aacute;s se han realizado trabajos radiof&oacute;nicos en el programa <a href=\"http:\/\/m21radio.es\/programas\/alumnos-radioactivos\">Radioactivos<\/a>&nbsp;para <a href=\"http:\/\/m21radio.es\/programas\/cero-en-conducta\">Cero en conducta<\/a> de <a href=\"http:\/\/m21radio.es\">M21<\/a>radio donde nuestros alumnos han elaborado dos programas completos.&nbsp;<\/p>\r\n<p>Para ver el resto de trabajos:<\/p>\r\n<p><strong>Peri&oacute;dico:<\/strong>&nbsp;<a href=\"http:\/\/bit.ly\/2iwwrWf\">www.tumundoalrededor.com<\/a><\/p>\r\n<p><strong>Audiovisual:&nbsp;<\/strong><a href=\"http:\/\/bit.ly\/2iwwrWf\">Tu mundo alrededor TV<\/a><\/p>\r\n<p><strong>Radio: <\/strong><a href=\"https:\/\/m21radio.es\/podcast\/alumnos-radioactivos\/alumnos-radioactivos-08022018\">P<\/a><a href=\"https:\/\/m21radio.es\/podcast\/alumnos-radioactivos\/alumnos-radioactivos-08022018\">rograma Radioactivos<\/a><\/p><\/div><\/div><\/div><\/div><\/div><!-- .module_cont --><\/div><div class='row'><div class='span6  module_number_5 module_cont  module_video'><div style='padding-bottom:0px; padding-top:0px;' class='module_inner'><div class=\"wrapped_video\"><iframe src='https:\/\/www.youtube.com\/embed\/kDc47vCjB_E?rel=0' width='100%' height='350px' allowfullscreen><\/iframe><\/div><\/div><\/div><!-- .module_cont --><div class='span6  module_number_6 module_cont  module_accordion'><div style='padding-bottom:35px; padding-top:0px;' class='module_inner'><div class='bg_title'><h3 style='' class='headInModule'>La caja de las Ilusiones<\/h3><\/div><div class='shortcode_accordion_shortcode accordion'><h6 data-count='1' class='shortcode_accordion_item_title expanded_no'>Docencia en cine para ni\u00f1os<span class='ico'><\/span><\/h6><div class='shortcode_accordion_item_body'><div class='ip'><p align=\"left\"><strong>El &aacute;rbol enredado<\/strong><\/p>\r\n<p align=\"left\">Cortometraje realizado por ni&ntilde;os en una sesi&oacute;n de tres horas en el <a href=\"http:\/\/taller.omnivoros.net\">Taller Omnivoros<\/a>, por ni&ntilde;os entre 4 y 10 a&ntilde;os dentro del proyecto de formaci&oacute;n personal <strong>El cine, la caja de las ilusiones<\/strong>, en donde se realizad docencia en cine para ni&ntilde;os.&nbsp;<\/p>\r\n<p>&nbsp;<\/p><\/div><\/div><\/div><\/div><\/div><!-- .module_cont --><\/div><div class='row'><div class='span6  module_number_7 module_cont  module_video'><div style='padding-bottom:35px; padding-top:0px;' class='module_inner'><div class=\"wrapped_video\"><iframe src='https:\/\/www.youtube.com\/embed\/mDedpMC17xY?rel=0' width='100%' height='350px' allowfullscreen><\/iframe><\/div><\/div><\/div><!-- .module_cont --><div class='span6  module_number_8 module_cont  module_accordion'><div style='padding-bottom:0px; padding-top:0px;' class='module_inner'><div class='bg_title'><h3 style='' class='headInModule'>Minichaplin<\/h3><\/div><div class='shortcode_accordion_shortcode accordion'><h6 data-count='1' class='shortcode_accordion_item_title expanded_no'>Cine taller digital<span class='ico'><\/span><\/h6><div class='shortcode_accordion_item_body'><div class='ip'><p>A lo largo de dos a&ntilde;os, colabor&eacute; y participe como docente en el cine taller digital de la Escuela de Cine <strong>Minichaplin<\/strong>, realizando diversos talleres impartido en su gran mayoria en colegios e institutos de la provincia de M&aacute;laga. En el impart&iacute; conceptos b&aacute;sicos de cine y comunicaci&oacute;n realizando diversos cortometrajes con ni&ntilde;os y adolescentes.&nbsp;<\/p>\r\n<p>M&aacute;s informaci&oacute;n: <a href=\"\/photos\/wp-admin\/www.minichaplin.com\">www.minichaplin.com<\/a><\/p><\/div><\/div><\/div><\/div><\/div><!-- .module_cont --><\/div>","protected":false},"excerpt":{"rendered":"<p>[vc_row][vc_column][\/vc_column][\/vc_row] Los Picassos TV- Asociaci\u00f3n AfandemArtes pl\u00e1sticas, cine y fotograf\u00edaLa Tierra M&aacute;gica Ganador de la secci&oacute;n de Animaci&oacute;n -Ed.Especial- la &uacute;ltima edici&oacute;n del EMOVE festival, Este corto es una muestra del trabajo de docencia que vengo realizando con personas con discapacidad&nbsp;desde 2013 hasta la actualidad en el Grupo Am&aacute;s. El gui&oacute;n, la locuci&oacute;n, la escenograf&iacute;a y efectos especiales realizado &iacute;ntegramente por ellos.&nbsp; Puedes ver m&aacute;s pel&iacute;culas en Los Picassos TVTu mundo alrededor TV- Colegio Alameda de Osuna Docencia en Periodismo, audiovisual y fotograf\u00eda El teatro Real Esta entrevista forma parte del trabajo de docencia que realizo desde 2014 hasta la actualidad en el Colegio Alameda, donde llevo a cabo un peri&oacute;dico tanto en versi&oacute;n papel como digital, escenario en el que realizamos Tu mundo alrededor TV. Adem&aacute;s se han realizado trabajos radiof&oacute;nicos en el programa Radioactivos&nbsp;para Cero en conducta de M21radio donde nuestros alumnos han elaborado dos programas completos.&nbsp; Para ver el resto de trabajos: Peri&oacute;dico:&nbsp;www.tumundoalrededor.com Audiovisual:&nbsp;Tu mundo alrededor TV Radio: Programa RadioactivosLa caja de las IlusionesDocencia en cine para ni\u00f1osEl &aacute;rbol enredado Cortometraje realizado por ni&ntilde;os en una sesi&oacute;n de tres horas en el Taller Omnivoros, por ni&ntilde;os entre 4 y 10 a&ntilde;os dentro del proyecto de formaci&oacute;n personal [&hellip;]<\/p>\n","protected":false},"author":1,"featured_media":0,"parent":0,"menu_order":0,"comment_status":"closed","ping_status":"closed","template":"","meta":[],"yoast_head":"<!-- This site is optimized with the Yoast SEO plugin v17.9 - https:\/\/yoast.com\/wordpress\/plugins\/seo\/ -->\n<title>Teaching - victoriamanjoncabezacloute<\/title>\n<meta name=\"robots\" content=\"index, follow, max-snippet:-1, max-image-preview:large, max-video-preview:-1\" \/>\n<link rel=\"canonical\" href=\"http:\/\/www.victoriamanjoncabezacloute.com\/index.php\/teaching\/\" \/>\n<meta property=\"og:locale\" content=\"es_ES\" \/>\n<meta property=\"og:type\" content=\"article\" \/>\n<meta property=\"og:title\" content=\"Teaching - victoriamanjoncabezacloute\" \/>\n<meta property=\"og:description\" content=\"[vc_row][vc_column][\/vc_column][\/vc_row] Los Picassos TV- Asociaci\u00f3n AfandemArtes pl\u00e1sticas, cine y fotograf\u00edaLa Tierra M&aacute;gica Ganador de la secci&oacute;n de Animaci&oacute;n -Ed.Especial- la &uacute;ltima edici&oacute;n del EMOVE festival, Este corto es una muestra del trabajo de docencia que vengo realizando con personas con discapacidad&nbsp;desde 2013 hasta la actualidad en el Grupo Am&aacute;s. El gui&oacute;n, la locuci&oacute;n, la escenograf&iacute;a y efectos especiales realizado &iacute;ntegramente por ellos.&nbsp; Puedes ver m&aacute;s pel&iacute;culas en Los Picassos TVTu mundo alrededor TV- Colegio Alameda de Osuna Docencia en Periodismo, audiovisual y fotograf\u00eda El teatro Real Esta entrevista forma parte del trabajo de docencia que realizo desde 2014 hasta la actualidad en el Colegio Alameda, donde llevo a cabo un peri&oacute;dico tanto en versi&oacute;n papel como digital, escenario en el que realizamos Tu mundo alrededor TV. Adem&aacute;s se han realizado trabajos radiof&oacute;nicos en el programa Radioactivos&nbsp;para Cero en conducta de M21radio donde nuestros alumnos han elaborado dos programas completos.&nbsp; Para ver el resto de trabajos: Peri&oacute;dico:&nbsp;www.tumundoalrededor.com Audiovisual:&nbsp;Tu mundo alrededor TV Radio: Programa RadioactivosLa caja de las IlusionesDocencia en cine para ni\u00f1osEl &aacute;rbol enredado Cortometraje realizado por ni&ntilde;os en una sesi&oacute;n de tres horas en el Taller Omnivoros, por ni&ntilde;os entre 4 y 10 a&ntilde;os dentro del proyecto de formaci&oacute;n personal [&hellip;]\" \/>\n<meta property=\"og:url\" content=\"http:\/\/www.victoriamanjoncabezacloute.com\/index.php\/teaching\/\" \/>\n<meta property=\"og:site_name\" content=\"victoriamanjoncabezacloute\" \/>\n<meta property=\"article:modified_time\" content=\"2023-05-08T12:42:30+00:00\" \/>\n<meta name=\"twitter:card\" content=\"summary_large_image\" \/>\n<meta name=\"twitter:label1\" content=\"Tiempo de lectura\" \/>\n\t<meta name=\"twitter:data1\" content=\"1 minuto\" \/>\n<script type=\"application\/ld+json\" class=\"yoast-schema-graph\">{\"@context\":\"https:\/\/schema.org\",\"@graph\":[{\"@type\":\"WebSite\",\"@id\":\"http:\/\/www.victoriamanjoncabezacloute.com\/#website\",\"url\":\"http:\/\/www.victoriamanjoncabezacloute.com\/\",\"name\":\"victoriamanjoncabezacloute\",\"description\":\"Profile Victoria Manj\\u00f3n-Cabeza\",\"potentialAction\":[{\"@type\":\"SearchAction\",\"target\":{\"@type\":\"EntryPoint\",\"urlTemplate\":\"http:\/\/www.victoriamanjoncabezacloute.com\/?s={search_term_string}\"},\"query-input\":\"required name=search_term_string\"}],\"inLanguage\":\"es\"},{\"@type\":\"WebPage\",\"@id\":\"http:\/\/www.victoriamanjoncabezacloute.com\/index.php\/teaching\/#webpage\",\"url\":\"http:\/\/www.victoriamanjoncabezacloute.com\/index.php\/teaching\/\",\"name\":\"Teaching - victoriamanjoncabezacloute\",\"isPartOf\":{\"@id\":\"http:\/\/www.victoriamanjoncabezacloute.com\/#website\"},\"datePublished\":\"2017-09-27T17:46:07+00:00\",\"dateModified\":\"2023-05-08T12:42:30+00:00\",\"breadcrumb\":{\"@id\":\"http:\/\/www.victoriamanjoncabezacloute.com\/index.php\/teaching\/#breadcrumb\"},\"inLanguage\":\"es\",\"potentialAction\":[{\"@type\":\"ReadAction\",\"target\":[\"http:\/\/www.victoriamanjoncabezacloute.com\/index.php\/teaching\/\"]}]},{\"@type\":\"BreadcrumbList\",\"@id\":\"http:\/\/www.victoriamanjoncabezacloute.com\/index.php\/teaching\/#breadcrumb\",\"itemListElement\":[{\"@type\":\"ListItem\",\"position\":1,\"name\":\"Portada\",\"item\":\"http:\/\/www.victoriamanjoncabezacloute.com\/\"},{\"@type\":\"ListItem\",\"position\":2,\"name\":\"Teaching\"}]}]}<\/script>\n<!-- \/ Yoast SEO plugin. -->","yoast_head_json":{"title":"Teaching - victoriamanjoncabezacloute","robots":{"index":"index","follow":"follow","max-snippet":"max-snippet:-1","max-image-preview":"max-image-preview:large","max-video-preview":"max-video-preview:-1"},"canonical":"http:\/\/www.victoriamanjoncabezacloute.com\/index.php\/teaching\/","og_locale":"es_ES","og_type":"article","og_title":"Teaching - victoriamanjoncabezacloute","og_description":"[vc_row][vc_column][\/vc_column][\/vc_row] Los Picassos TV- Asociaci\u00f3n AfandemArtes pl\u00e1sticas, cine y fotograf\u00edaLa Tierra M&aacute;gica Ganador de la secci&oacute;n de Animaci&oacute;n -Ed.Especial- la &uacute;ltima edici&oacute;n del EMOVE festival, Este corto es una muestra del trabajo de docencia que vengo realizando con personas con discapacidad&nbsp;desde 2013 hasta la actualidad en el Grupo Am&aacute;s. El gui&oacute;n, la locuci&oacute;n, la escenograf&iacute;a y efectos especiales realizado &iacute;ntegramente por ellos.&nbsp; Puedes ver m&aacute;s pel&iacute;culas en Los Picassos TVTu mundo alrededor TV- Colegio Alameda de Osuna Docencia en Periodismo, audiovisual y fotograf\u00eda El teatro Real Esta entrevista forma parte del trabajo de docencia que realizo desde 2014 hasta la actualidad en el Colegio Alameda, donde llevo a cabo un peri&oacute;dico tanto en versi&oacute;n papel como digital, escenario en el que realizamos Tu mundo alrededor TV. Adem&aacute;s se han realizado trabajos radiof&oacute;nicos en el programa Radioactivos&nbsp;para Cero en conducta de M21radio donde nuestros alumnos han elaborado dos programas completos.&nbsp; Para ver el resto de trabajos: Peri&oacute;dico:&nbsp;www.tumundoalrededor.com Audiovisual:&nbsp;Tu mundo alrededor TV Radio: Programa RadioactivosLa caja de las IlusionesDocencia en cine para ni\u00f1osEl &aacute;rbol enredado Cortometraje realizado por ni&ntilde;os en una sesi&oacute;n de tres horas en el Taller Omnivoros, por ni&ntilde;os entre 4 y 10 a&ntilde;os dentro del proyecto de formaci&oacute;n personal [&hellip;]","og_url":"http:\/\/www.victoriamanjoncabezacloute.com\/index.php\/teaching\/","og_site_name":"victoriamanjoncabezacloute","article_modified_time":"2023-05-08T12:42:30+00:00","twitter_card":"summary_large_image","twitter_misc":{"Tiempo de lectura":"1 minuto"},"schema":{"@context":"https:\/\/schema.org","@graph":[{"@type":"WebSite","@id":"http:\/\/www.victoriamanjoncabezacloute.com\/#website","url":"http:\/\/www.victoriamanjoncabezacloute.com\/","name":"victoriamanjoncabezacloute","description":"Profile Victoria Manj\u00f3n-Cabeza","potentialAction":[{"@type":"SearchAction","target":{"@type":"EntryPoint","urlTemplate":"http:\/\/www.victoriamanjoncabezacloute.com\/?s={search_term_string}"},"query-input":"required name=search_term_string"}],"inLanguage":"es"},{"@type":"WebPage","@id":"http:\/\/www.victoriamanjoncabezacloute.com\/index.php\/teaching\/#webpage","url":"http:\/\/www.victoriamanjoncabezacloute.com\/index.php\/teaching\/","name":"Teaching - victoriamanjoncabezacloute","isPartOf":{"@id":"http:\/\/www.victoriamanjoncabezacloute.com\/#website"},"datePublished":"2017-09-27T17:46:07+00:00","dateModified":"2023-05-08T12:42:30+00:00","breadcrumb":{"@id":"http:\/\/www.victoriamanjoncabezacloute.com\/index.php\/teaching\/#breadcrumb"},"inLanguage":"es","potentialAction":[{"@type":"ReadAction","target":["http:\/\/www.victoriamanjoncabezacloute.com\/index.php\/teaching\/"]}]},{"@type":"BreadcrumbList","@id":"http:\/\/www.victoriamanjoncabezacloute.com\/index.php\/teaching\/#breadcrumb","itemListElement":[{"@type":"ListItem","position":1,"name":"Portada","item":"http:\/\/www.victoriamanjoncabezacloute.com\/"},{"@type":"ListItem","position":2,"name":"Teaching"}]}]}},"_links":{"self":[{"href":"http:\/\/www.victoriamanjoncabezacloute.com\/index.php\/wp-json\/wp\/v2\/pages\/806"}],"collection":[{"href":"http:\/\/www.victoriamanjoncabezacloute.com\/index.php\/wp-json\/wp\/v2\/pages"}],"about":[{"href":"http:\/\/www.victoriamanjoncabezacloute.com\/index.php\/wp-json\/wp\/v2\/types\/page"}],"author":[{"embeddable":true,"href":"http:\/\/www.victoriamanjoncabezacloute.com\/index.php\/wp-json\/wp\/v2\/users\/1"}],"replies":[{"embeddable":true,"href":"http:\/\/www.victoriamanjoncabezacloute.com\/index.php\/wp-json\/wp\/v2\/comments?post=806"}],"version-history":[{"count":12,"href":"http:\/\/www.victoriamanjoncabezacloute.com\/index.php\/wp-json\/wp\/v2\/pages\/806\/revisions"}],"predecessor-version":[{"id":2994,"href":"http:\/\/www.victoriamanjoncabezacloute.com\/index.php\/wp-json\/wp\/v2\/pages\/806\/revisions\/2994"}],"wp:attachment":[{"href":"http:\/\/www.victoriamanjoncabezacloute.com\/index.php\/wp-json\/wp\/v2\/media?parent=806"}],"curies":[{"name":"wp","href":"https:\/\/api.w.org\/{rel}","templated":true}]}}